{"id":777,"date":"2022-06-28T08:06:38","date_gmt":"2022-06-28T08:06:38","guid":{"rendered":"https:\/\/startersites.io\/elementor\/web-agency\/?page_id=777"},"modified":"2025-09-21T22:20:51","modified_gmt":"2025-09-21T22:20:51","slug":"contact","status":"publish","type":"page","link":"https:\/\/fargo.fr\/fargo_site\/contact\/","title":{"rendered":"NOUS CONTACTER"},"content":{"rendered":"\t\t<div data-elementor-type=\"wp-page\" data-elementor-id=\"777\" class=\"elementor elementor-777\">\n\t\t\t\t<div class=\"elementor-element elementor-element-e5b55a1 e-flex e-con-boxed e-con e-parent\" data-id=\"e5b55a1\" data-element_type=\"container\">\n\t\t\t\t\t<div class=\"e-con-inner\">\n\t\t\t\t<div class=\"elementor-element elementor-element-5a4c22d elementor-widget elementor-widget-heading\" data-id=\"5a4c22d\" data-element_type=\"widget\" data-widget_type=\"heading.default\">\n\t\t\t\t\t<h2 class=\"elementor-heading-title elementor-size-default\">Nous contacter<\/h2>\t\t\t\t<\/div>\n\t\t\t\t<div class=\"elementor-element elementor-element-813ddbd elementor-widget-mobile__width-initial elementor-widget elementor-widget-text-editor\" data-id=\"813ddbd\" data-element_type=\"widget\" data-widget_type=\"text-editor.default\">\n\t\t\t\t\t\t\t\t\t<p>Pour nous \u00e9crire, veuillez remplir le formulaire ci-dessous :<\/p>\t\t\t\t\t\t\t\t<\/div>\n\t\t<div class=\"elementor-element elementor-element-fe64c95 e-flex e-con-boxed e-con e-child\" data-id=\"fe64c95\" data-element_type=\"container\">\n\t\t\t\t\t<div class=\"e-con-inner\">\n\t\t<div class=\"elementor-element elementor-element-38b1123 e-flex e-con-boxed e-con e-child\" data-id=\"38b1123\" data-element_type=\"container\">\n\t\t\t\t\t<div class=\"e-con-inner\">\n\t\t\t\t<div class=\"elementor-element elementor-element-42f3655 elementor-widget elementor-widget-image\" data-id=\"42f3655\" data-element_type=\"widget\" data-widget_type=\"image.default\">\n\t\t\t\t\t\t\t\t\t\t\t\t\t\t\t<img fetchpriority=\"high\" decoding=\"async\" width=\"785\" height=\"429\" src=\"https:\/\/fargo.fr\/fargo_site\/wp-content\/uploads\/2025\/09\/cartoucherie_3.jpg\" class=\"attachment-large size-large wp-image-1559\" alt=\"\" srcset=\"https:\/\/fargo.fr\/fargo_site\/wp-content\/uploads\/2025\/09\/cartoucherie_3.jpg 785w, https:\/\/fargo.fr\/fargo_site\/wp-content\/uploads\/2025\/09\/cartoucherie_3-300x164.jpg 300w, https:\/\/fargo.fr\/fargo_site\/wp-content\/uploads\/2025\/09\/cartoucherie_3-768x420.jpg 768w\" sizes=\"(max-width: 785px) 100vw, 785px\" \/>\t\t\t\t\t\t\t\t\t\t\t\t\t\t\t<\/div>\n\t\t\t\t<div class=\"elementor-element elementor-element-ad24580 elementor-widget elementor-widget-text-editor\" data-id=\"ad24580\" data-element_type=\"widget\" data-widget_type=\"text-editor.default\">\n\t\t\t\t\t\t\t\t\t<p>FARGO est install\u00e9 au P\u00f4le Image La Cartoucherie,&nbsp;<span style=\"font-family: inherit; font-size: inherit; font-style: inherit; font-variant-ligatures: inherit; font-variant-caps: inherit; font-weight: inherit;\">dans la Dr\u00f4me, \u00e0 Bourg-L\u00e8s-Valence.<\/span><\/p>\t\t\t\t\t\t\t\t<\/div>\n\t\t\t\t<div class=\"elementor-element elementor-element-fa9ad32 elementor-widget__width-initial elementor-widget elementor-widget-text-editor\" data-id=\"fa9ad32\" data-element_type=\"widget\" data-widget_type=\"text-editor.default\">\n\t\t\t\t\t\t\t\t\t<p style=\"font-style: normal; font-variant-ligatures: normal; font-variant-caps: normal; font-weight: 400; font-size: 16px; font-family: -apple-system, BlinkMacSystemFont, 'Segoe UI', Roboto, Helvetica, Arial, sans-serif, 'Apple Color Emoji', 'Segoe UI Emoji', 'Segoe UI Symbol'; text-align: center;\"><strong>FARGO<\/strong><\/p><p style=\"font-style: normal; font-variant-ligatures: normal; font-variant-caps: normal; font-weight: 400; font-size: 16px; font-family: -apple-system, BlinkMacSystemFont, 'Segoe UI', Roboto, Helvetica, Arial, sans-serif, 'Apple Color Emoji', 'Segoe UI Emoji', 'Segoe UI Symbol';\">La Cartoucherie<\/p><p style=\"font-style: normal; font-variant-ligatures: normal; font-variant-caps: normal; font-weight: 400; font-size: 16px; font-family: -apple-system, BlinkMacSystemFont, 'Segoe UI', Roboto, Helvetica, Arial, sans-serif, 'Apple Color Emoji', 'Segoe UI Emoji', 'Segoe UI Symbol';\">Rue de Chony<\/p><p style=\"font-style: normal; font-variant-ligatures: normal; font-variant-caps: normal; font-weight: 400; font-size: 16px; font-family: -apple-system, BlinkMacSystemFont, 'Segoe UI', Roboto, Helvetica, Arial, sans-serif, 'Apple Color Emoji', 'Segoe UI Emoji', 'Segoe UI Symbol';\">26500 Bourg-L\u00e8s-Valence<\/p><p style=\"font-style: normal; font-variant-ligatures: normal; font-variant-caps: normal; font-weight: 400; font-size: 16px; font-family: -apple-system, BlinkMacSystemFont, 'Segoe UI', Roboto, Helvetica, Arial, sans-serif, 'Apple Color Emoji', 'Segoe UI Emoji', 'Segoe UI Symbol';\">t\u00e9l : +33 (0)4 75 61 54 48<\/p>\t\t\t\t\t\t\t\t<\/div>\n\t\t\t\t\t<\/div>\n\t\t\t\t<\/div>\n\t\t<div class=\"elementor-element elementor-element-68dc474 e-con-full e-flex e-con e-child\" data-id=\"68dc474\" data-element_type=\"container\">\n\t\t\t\t<div class=\"elementor-element elementor-element-c553d0b elementor-widget elementor-widget-wpforms\" data-id=\"c553d0b\" data-element_type=\"widget\" data-widget_type=\"wpforms.default\">\n\t\t\t\t<div class=\"elementor-widget-container\">\n\t\t\t\t\t<div class=\"wpforms-container wpforms-render-modern\" id=\"wpforms-298\"><form id=\"wpforms-form-298\" class=\"wpforms-validate wpforms-form\" data-formid=\"298\" method=\"post\" enctype=\"multipart\/form-data\" action=\"\/fargo_site\/wp-json\/wp\/v2\/pages\/777\" data-token=\"90945c8e7b5f6e5e014c6f2957ad9b5e\" data-token-time=\"1776657604\"><noscript class=\"wpforms-error-noscript\">Veuillez activer JavaScript dans votre navigateur pour remplir ce formulaire.<\/noscript><div id=\"wpforms-error-noscript\" style=\"display: none;\">Veuillez activer JavaScript dans votre navigateur pour remplir ce formulaire.<\/div><div class=\"wpforms-field-container\"><div id=\"wpforms-298-field_0-container\" class=\"wpforms-field wpforms-field-name\" data-field-id=\"0\"><label class=\"wpforms-field-label\" for=\"wpforms-298-field_0\">Votre nom <span class=\"wpforms-required-label\" aria-hidden=\"true\">*<\/span><\/label><input type=\"text\" id=\"wpforms-298-field_0\" class=\"wpforms-field-large wpforms-field-required\" name=\"wpforms[fields][0]\" aria-errormessage=\"wpforms-298-field_0-error\" required><\/div><div id=\"wpforms-298-field_1-container\" class=\"wpforms-field wpforms-field-email\" data-field-id=\"1\"><label class=\"wpforms-field-label\" for=\"wpforms-298-field_1\">Votre email <span class=\"wpforms-required-label\" aria-hidden=\"true\">*<\/span><\/label><input type=\"email\" id=\"wpforms-298-field_1\" class=\"wpforms-field-large wpforms-field-required\" name=\"wpforms[fields][1]\" spellcheck=\"false\" aria-errormessage=\"wpforms-298-field_1-error\" required><\/div><div id=\"wpforms-298-field_6-container\" class=\"wpforms-field wpforms-field-name\" data-field-id=\"6\"><label class=\"wpforms-field-label\" for=\"wpforms-298-field_6\">Votre t\u00e9l\u00e9phone (facultatif)<\/label><input type=\"text\" id=\"wpforms-298-field_6\" class=\"wpforms-field-medium\" name=\"wpforms[fields][6]\" aria-errormessage=\"wpforms-298-field_6-error\" ><\/div><div id=\"wpforms-298-field_9-container\" class=\"wpforms-field wpforms-field-text\" data-field-id=\"9\"><label class=\"wpforms-field-label\" for=\"wpforms-298-field_9\">Objet <span class=\"wpforms-required-label\" aria-hidden=\"true\">*<\/span><\/label><input type=\"text\" id=\"wpforms-298-field_9\" class=\"wpforms-field-medium wpforms-field-required\" name=\"wpforms[fields][9]\" aria-errormessage=\"wpforms-298-field_9-error\" required><\/div><div id=\"wpforms-298-field_2-container\" class=\"wpforms-field wpforms-field-textarea\" data-field-id=\"2\"><label class=\"wpforms-field-label\" for=\"wpforms-298-field_2\">Message <span class=\"wpforms-required-label\" aria-hidden=\"true\">*<\/span><\/label><textarea id=\"wpforms-298-field_2\" class=\"wpforms-field-large wpforms-field-required\" name=\"wpforms[fields][2]\" aria-errormessage=\"wpforms-298-field_2-error\" required><\/textarea><\/div><\/div><!-- .wpforms-field-container --><div class=\"wpforms-recaptcha-container wpforms-is-recaptcha wpforms-is-recaptcha-type-v2\" ><div class=\"g-recaptcha\" data-sitekey=\"6LeI7MwrAAAAAJs_buZXDGkDfMLfSerwUT6jSZjb\"><\/div><input type=\"text\" name=\"g-recaptcha-hidden\" class=\"wpforms-recaptcha-hidden\" style=\"position:absolute!important;clip:rect(0,0,0,0)!important;height:1px!important;width:1px!important;border:0!important;overflow:hidden!important;padding:0!important;margin:0!important;\" data-rule-recaptcha=\"1\"><\/div><div class=\"wpforms-submit-container\" ><input type=\"hidden\" name=\"wpforms[id]\" value=\"298\"><input type=\"hidden\" name=\"page_title\" value=\"\"><input type=\"hidden\" name=\"page_url\" value=\"https:\/\/fargo.fr\/fargo_site\/wp-json\/wp\/v2\/pages\/777\"><input type=\"hidden\" name=\"url_referer\" value=\"\"><button type=\"submit\" name=\"wpforms[submit]\" id=\"wpforms-submit-298\" class=\"wpforms-submit\" data-alt-text=\"Envoi en cours...\" data-submit-text=\"Envoyer\" aria-live=\"assertive\" value=\"wpforms-submit\">Envoyer<\/button><\/div><\/form><\/div>  <!-- .wpforms-container -->\t\t\t\t<\/div>\n\t\t\t\t<\/div>\n\t\t\t\t<\/div>\n\t\t\t\t\t<\/div>\n\t\t\t\t<\/div>\n\t\t\t\t\t<\/div>\n\t\t\t\t<\/div>\n\t\t\t\t<\/div>\n\t\t","protected":false},"excerpt":{"rendered":"<p>Nous contacter Pour nous \u00e9crire, veuillez remplir le formulaire ci-dessous : FARGO est install\u00e9 au P\u00f4le Image La Cartoucherie,&nbsp;dans la Dr\u00f4me, \u00e0 Bourg-L\u00e8s-Valence. FARGO La Cartoucherie Rue de Chony 26500 Bourg-L\u00e8s-Valence t\u00e9l : +33 (0)4 75 61 54 48 Veuillez activer JavaScript dans votre navigateur pour remplir ce formulaire.Veuillez activer JavaScript dans votre navigateur pour [&hellip;]<\/p>\n","protected":false},"author":1,"featured_media":0,"parent":0,"menu_order":0,"comment_status":"closed","ping_status":"closed","template":"","meta":{"footnotes":""},"class_list":["post-777","page","type-page","status-publish","hentry"],"blocksy_meta":{"page_title_panel":"","has_hero_section":"disabled","1d03c0975884bb3313cce6dd2f1b30f2":"","hero_section":"type-1","hero_elements":[{"id":"custom_title","enabled":true,"heading_tag":"h1","title":"Home"},{"id":"custom_description","enabled":true,"description_visibility":{"desktop":true,"tablet":true,"mobile":false}},{"id":"custom_meta","enabled":false,"meta_elements":[{"id":"author","enabled":true,"label":"By","has_author_avatar":"yes","avatar_size":25},{"id":"post_date","enabled":true,"label":"On","date_format_source":"default","date_format":"M j, Y"},{"id":"updated_date","enabled":false,"label":"On","date_format_source":"default","date_format":"M j, Y"},{"id":"categories","enabled":false,"label":"In","style":"simple"},{"id":"comments","enabled":true}],"page_meta_elements":{"joined":true,"articles_count":true,"comments":true}},{"id":"breadcrumbs","enabled":false}],"297f415109f6d68645364fc3ee8b300d":"","hero_alignment1":"CT_CSS_SKIP_RULE","hero_margin":40,"hero_alignment2":"center","hero_vertical_alignment":"center","fd7b944a1016f6997ff05cca28a86507":"","hero_structure":"narrow","725835a220a806d2dede541683191d01":"","page_title_bg_type":"featured_image","custom_hero_background":{"attachment_id":null},"page_title_image_size":"full","parallax":{"desktop":false,"tablet":false,"mobile":false},"b75289ee406e0a1a57fb3394b341d4b2":"","hero_height":"250px","pageTitleFont":{"family":"Default","variation":"Default","size":"30px","line-height":"CT_CSS_SKIP_RULE","letter-spacing":"CT_CSS_SKIP_RULE","text-transform":"CT_CSS_SKIP_RULE","text-decoration":"CT_CSS_SKIP_RULE"},"pageTitleFontColor":{"default":{"color":"CT_CSS_SKIP_RULEDEFAULT"}},"pageMetaFont":{"family":"Default","variation":"n6","size":"12px","line-height":"1.3","letter-spacing":"CT_CSS_SKIP_RULE","text-transform":"uppercase","text-decoration":"CT_CSS_SKIP_RULE"},"pageMetaFontColor":{"default":{"color":"CT_CSS_SKIP_RULEDEFAULT"},"hover":{"color":"CT_CSS_SKIP_RULEDEFAULT"}},"page_meta_button_type_font_colors":{"default":{"color":"CT_CSS_SKIP_RULEDEFAULT"},"hover":{"color":"CT_CSS_SKIP_RULEDEFAULT"}},"page_meta_button_type_background_colors":{"default":{"color":"CT_CSS_SKIP_RULEDEFAULT"},"hover":{"color":"CT_CSS_SKIP_RULEDEFAULT"}},"pageExcerptFont":{"family":"Default","variation":"Default","size":"CT_CSS_SKIP_RULE","line-height":"CT_CSS_SKIP_RULE","letter-spacing":"CT_CSS_SKIP_RULE","text-transform":"CT_CSS_SKIP_RULE","text-decoration":"CT_CSS_SKIP_RULE"},"pageExcerptColor":{"default":{"color":"CT_CSS_SKIP_RULEDEFAULT"}},"breadcrumbsFont":{"family":"Default","variation":"Default","size":"CT_CSS_SKIP_RULE","line-height":"CT_CSS_SKIP_RULE","letter-spacing":"CT_CSS_SKIP_RULE","text-transform":"CT_CSS_SKIP_RULE","text-decoration":"CT_CSS_SKIP_RULE"},"breadcrumbsFontColor":{"default":{"color":"CT_CSS_SKIP_RULEDEFAULT"},"initial":{"color":"CT_CSS_SKIP_RULEDEFAULT"},"hover":{"color":"CT_CSS_SKIP_RULEDEFAULT"}},"pageTitleOverlay":{"background_type":"color","background_pattern":"type-1","background_image":{"attachment_id":null,"x":0,"y":0},"gradient":"linear-gradient(135deg,rgba(6,147,227,1) 0%,rgb(155,81,224) 100%)","background_repeat":"repeat","background_size":"auto","background_attachment":"scroll","patternColor":{"default":{"color":"#e5e7ea"}},"overlayColor":{"default":{"color":"CT_CSS_SKIP_RULE"}},"backgroundColor":{"default":{"color":"CT_CSS_SKIP_RULE"}}},"pageTitleBackground":{"background_type":"color","background_pattern":"type-1","background_image":{"attachment_id":null,"x":0,"y":0},"gradient":"linear-gradient(135deg,rgba(6,147,227,1) 0%,rgb(155,81,224) 100%)","background_repeat":"repeat","background_size":"auto","background_attachment":"scroll","patternColor":{"default":{"color":"#e5e7ea"}},"overlayColor":{"default":{"color":"CT_CSS_SKIP_RULE"}},"backgroundColor":{"default":{"color":"var(--theme-palette-color-6)"}}},"pageTitlePadding":{"top":"50px","bottom":"50px","left":"auto","right":"auto","linked":true},"52e632a4882fbb110ac4f3f941ac88e6":"","page_structure_type":"default","3e83552c4a6b912d9fa29eff61d1cc2c":"","content_style_source":"inherit","content_style":"wide","vertical_spacing_source":"custom","content_area_spacing":"none","background":{"background_type":"color","background_pattern":"type-1","background_image":{"attachment_id":null,"x":0,"y":0},"gradient":"linear-gradient(135deg,rgba(6,147,227,1) 0%,rgb(155,81,224) 100%)","background_repeat":"repeat","background_size":"auto","background_attachment":"scroll","patternColor":{"default":{"color":"#e5e7ea"}},"overlayColor":{"default":{"color":"CT_CSS_SKIP_RULE"}},"backgroundColor":{"default":{"color":"CT_CSS_SKIP_RULE"}}},"content_background":{"background_type":"color","background_pattern":"type-1","background_image":{"attachment_id":null,"x":0,"y":0},"gradient":"linear-gradient(135deg,rgba(6,147,227,1) 0%,rgb(155,81,224) 100%)","background_repeat":"repeat","background_size":"auto","background_attachment":"scroll","patternColor":{"default":{"color":"#e5e7ea"}},"overlayColor":{"default":{"color":"CT_CSS_SKIP_RULE"}},"backgroundColor":{"default":{"color":"var(--theme-palette-color-8)"}}},"content_boxed_shadow":{"inherit":false,"blur":18,"spread":-6,"v_offset":12,"h_offset":0,"inset":false,"enable":true,"color":{"color":"rgba(34, 56, 101, 0.04)"}},"content_boxed_border":{"width":1,"style":"none","color":{"color":"rgba(44,62,80,0.2)"}},"content_boxed_radius":{"top":"3px","bottom":"3px","left":"3px","right":"3px","linked":true},"boxed_content_spacing":{"desktop":{"top":"40px","bottom":"40px","left":"40px","right":"40px","linked":true},"tablet":{"top":"35px","bottom":"35px","left":"35px","right":"35px","linked":true},"mobile":{"top":"20px","bottom":"20px","left":"20px","right":"20px","linked":true}},"62eb854e9eef5c3ecdd8032d26f48ece":"","disable_featured_image":"no","disable_share_box":"no","disable_header":"no","disable_footer":"no","styles_descriptor":{"styles":{"desktop":"","tablet":"","mobile":""},"google_fonts":[],"version":6}},"yoast_head":"<!-- This site is optimized with the Yoast SEO plugin v27.2 - https:\/\/yoast.com\/product\/yoast-seo-wordpress\/ -->\n<title>NOUS CONTACTER - Fargo - Production film et vid\u00e9o<\/title>\n<meta name=\"robots\" content=\"index, follow, max-snippet:-1, max-image-preview:large, max-video-preview:-1\" \/>\n<link rel=\"canonical\" href=\"https:\/\/fargo.fr\/fargo_site\/contact\/\" \/>\n<meta property=\"og:locale\" content=\"fr_FR\" \/>\n<meta property=\"og:type\" content=\"article\" \/>\n<meta property=\"og:title\" content=\"NOUS CONTACTER - Fargo - Production film et vid\u00e9o\" \/>\n<meta property=\"og:description\" content=\"Nous contacter Pour nous \u00e9crire, veuillez remplir le formulaire ci-dessous : FARGO est install\u00e9 au P\u00f4le Image La Cartoucherie,&nbsp;dans la Dr\u00f4me, \u00e0 Bourg-L\u00e8s-Valence. FARGO La Cartoucherie Rue de Chony 26500 Bourg-L\u00e8s-Valence t\u00e9l : +33 (0)4 75 61 54 48 Veuillez activer JavaScript dans votre navigateur pour remplir ce formulaire.Veuillez activer JavaScript dans votre navigateur pour [&hellip;]\" \/>\n<meta property=\"og:url\" content=\"https:\/\/fargo.fr\/fargo_site\/contact\/\" \/>\n<meta property=\"og:site_name\" content=\"Fargo - Production film et vid\u00e9o\" \/>\n<meta property=\"article:publisher\" content=\"https:\/\/www.facebook.com\/profile.php?id=100063594428142\" \/>\n<meta property=\"article:modified_time\" content=\"2025-09-21T22:20:51+00:00\" \/>\n<meta property=\"og:image\" content=\"https:\/\/fargo.fr\/fargo_site\/wp-content\/uploads\/2025\/09\/cartoucherie_3.jpg\" \/>\n<meta name=\"twitter:card\" content=\"summary_large_image\" \/>\n<script type=\"application\/ld+json\" class=\"yoast-schema-graph\">{\"@context\":\"https:\/\/schema.org\",\"@graph\":[{\"@type\":\"WebPage\",\"@id\":\"https:\/\/fargo.fr\/fargo_site\/contact\/\",\"url\":\"https:\/\/fargo.fr\/fargo_site\/contact\/\",\"name\":\"NOUS CONTACTER - Fargo - Production film et vid\u00e9o\",\"isPartOf\":{\"@id\":\"https:\/\/fargo.fr\/fargo_site\/#website\"},\"primaryImageOfPage\":{\"@id\":\"https:\/\/fargo.fr\/fargo_site\/contact\/#primaryimage\"},\"image\":{\"@id\":\"https:\/\/fargo.fr\/fargo_site\/contact\/#primaryimage\"},\"thumbnailUrl\":\"https:\/\/fargo.fr\/fargo_site\/wp-content\/uploads\/2025\/09\/cartoucherie_3.jpg\",\"datePublished\":\"2022-06-28T08:06:38+00:00\",\"dateModified\":\"2025-09-21T22:20:51+00:00\",\"breadcrumb\":{\"@id\":\"https:\/\/fargo.fr\/fargo_site\/contact\/#breadcrumb\"},\"inLanguage\":\"fr-FR\",\"potentialAction\":[{\"@type\":\"ReadAction\",\"target\":[\"https:\/\/fargo.fr\/fargo_site\/contact\/\"]}]},{\"@type\":\"ImageObject\",\"inLanguage\":\"fr-FR\",\"@id\":\"https:\/\/fargo.fr\/fargo_site\/contact\/#primaryimage\",\"url\":\"https:\/\/fargo.fr\/fargo_site\/wp-content\/uploads\/2025\/09\/cartoucherie_3.jpg\",\"contentUrl\":\"https:\/\/fargo.fr\/fargo_site\/wp-content\/uploads\/2025\/09\/cartoucherie_3.jpg\",\"width\":785,\"height\":429},{\"@type\":\"BreadcrumbList\",\"@id\":\"https:\/\/fargo.fr\/fargo_site\/contact\/#breadcrumb\",\"itemListElement\":[{\"@type\":\"ListItem\",\"position\":1,\"name\":\"Accueil\",\"item\":\"https:\/\/fargo.fr\/fargo_site\/\"},{\"@type\":\"ListItem\",\"position\":2,\"name\":\"NOUS CONTACTER\"}]},{\"@type\":\"WebSite\",\"@id\":\"https:\/\/fargo.fr\/fargo_site\/#website\",\"url\":\"https:\/\/fargo.fr\/fargo_site\/\",\"name\":\"Fargo\",\"description\":\"\",\"publisher\":{\"@id\":\"https:\/\/fargo.fr\/fargo_site\/#organization\"},\"potentialAction\":[{\"@type\":\"SearchAction\",\"target\":{\"@type\":\"EntryPoint\",\"urlTemplate\":\"https:\/\/fargo.fr\/fargo_site\/?s={search_term_string}\"},\"query-input\":{\"@type\":\"PropertyValueSpecification\",\"valueRequired\":true,\"valueName\":\"search_term_string\"}}],\"inLanguage\":\"fr-FR\"},{\"@type\":\"Organization\",\"@id\":\"https:\/\/fargo.fr\/fargo_site\/#organization\",\"name\":\"Fargo\",\"url\":\"https:\/\/fargo.fr\/fargo_site\/\",\"logo\":{\"@type\":\"ImageObject\",\"inLanguage\":\"fr-FR\",\"@id\":\"https:\/\/fargo.fr\/fargo_site\/#\/schema\/logo\/image\/\",\"url\":\"https:\/\/fargo.fr\/fargo_site\/wp-content\/uploads\/2025\/09\/logo_Fargo_01_coupe-1.png\",\"contentUrl\":\"https:\/\/fargo.fr\/fargo_site\/wp-content\/uploads\/2025\/09\/logo_Fargo_01_coupe-1.png\",\"width\":500,\"height\":115,\"caption\":\"Fargo\"},\"image\":{\"@id\":\"https:\/\/fargo.fr\/fargo_site\/#\/schema\/logo\/image\/\"},\"sameAs\":[\"https:\/\/www.facebook.com\/profile.php?id=100063594428142\"]}]}<\/script>\n<!-- \/ Yoast SEO plugin. -->","yoast_head_json":{"title":"NOUS CONTACTER - Fargo - Production film et vid\u00e9o","robots":{"index":"index","follow":"follow","max-snippet":"max-snippet:-1","max-image-preview":"max-image-preview:large","max-video-preview":"max-video-preview:-1"},"canonical":"https:\/\/fargo.fr\/fargo_site\/contact\/","og_locale":"fr_FR","og_type":"article","og_title":"NOUS CONTACTER - Fargo - Production film et vid\u00e9o","og_description":"Nous contacter Pour nous \u00e9crire, veuillez remplir le formulaire ci-dessous : FARGO est install\u00e9 au P\u00f4le Image La Cartoucherie,&nbsp;dans la Dr\u00f4me, \u00e0 Bourg-L\u00e8s-Valence. FARGO La Cartoucherie Rue de Chony 26500 Bourg-L\u00e8s-Valence t\u00e9l : +33 (0)4 75 61 54 48 Veuillez activer JavaScript dans votre navigateur pour remplir ce formulaire.Veuillez activer JavaScript dans votre navigateur pour [&hellip;]","og_url":"https:\/\/fargo.fr\/fargo_site\/contact\/","og_site_name":"Fargo - Production film et vid\u00e9o","article_publisher":"https:\/\/www.facebook.com\/profile.php?id=100063594428142","article_modified_time":"2025-09-21T22:20:51+00:00","og_image":[{"url":"https:\/\/fargo.fr\/fargo_site\/wp-content\/uploads\/2025\/09\/cartoucherie_3.jpg","type":"","width":"","height":""}],"twitter_card":"summary_large_image","schema":{"@context":"https:\/\/schema.org","@graph":[{"@type":"WebPage","@id":"https:\/\/fargo.fr\/fargo_site\/contact\/","url":"https:\/\/fargo.fr\/fargo_site\/contact\/","name":"NOUS CONTACTER - Fargo - Production film et vid\u00e9o","isPartOf":{"@id":"https:\/\/fargo.fr\/fargo_site\/#website"},"primaryImageOfPage":{"@id":"https:\/\/fargo.fr\/fargo_site\/contact\/#primaryimage"},"image":{"@id":"https:\/\/fargo.fr\/fargo_site\/contact\/#primaryimage"},"thumbnailUrl":"https:\/\/fargo.fr\/fargo_site\/wp-content\/uploads\/2025\/09\/cartoucherie_3.jpg","datePublished":"2022-06-28T08:06:38+00:00","dateModified":"2025-09-21T22:20:51+00:00","breadcrumb":{"@id":"https:\/\/fargo.fr\/fargo_site\/contact\/#breadcrumb"},"inLanguage":"fr-FR","potentialAction":[{"@type":"ReadAction","target":["https:\/\/fargo.fr\/fargo_site\/contact\/"]}]},{"@type":"ImageObject","inLanguage":"fr-FR","@id":"https:\/\/fargo.fr\/fargo_site\/contact\/#primaryimage","url":"https:\/\/fargo.fr\/fargo_site\/wp-content\/uploads\/2025\/09\/cartoucherie_3.jpg","contentUrl":"https:\/\/fargo.fr\/fargo_site\/wp-content\/uploads\/2025\/09\/cartoucherie_3.jpg","width":785,"height":429},{"@type":"BreadcrumbList","@id":"https:\/\/fargo.fr\/fargo_site\/contact\/#breadcrumb","itemListElement":[{"@type":"ListItem","position":1,"name":"Accueil","item":"https:\/\/fargo.fr\/fargo_site\/"},{"@type":"ListItem","position":2,"name":"NOUS CONTACTER"}]},{"@type":"WebSite","@id":"https:\/\/fargo.fr\/fargo_site\/#website","url":"https:\/\/fargo.fr\/fargo_site\/","name":"Fargo","description":"","publisher":{"@id":"https:\/\/fargo.fr\/fargo_site\/#organization"},"potentialAction":[{"@type":"SearchAction","target":{"@type":"EntryPoint","urlTemplate":"https:\/\/fargo.fr\/fargo_site\/?s={search_term_string}"},"query-input":{"@type":"PropertyValueSpecification","valueRequired":true,"valueName":"search_term_string"}}],"inLanguage":"fr-FR"},{"@type":"Organization","@id":"https:\/\/fargo.fr\/fargo_site\/#organization","name":"Fargo","url":"https:\/\/fargo.fr\/fargo_site\/","logo":{"@type":"ImageObject","inLanguage":"fr-FR","@id":"https:\/\/fargo.fr\/fargo_site\/#\/schema\/logo\/image\/","url":"https:\/\/fargo.fr\/fargo_site\/wp-content\/uploads\/2025\/09\/logo_Fargo_01_coupe-1.png","contentUrl":"https:\/\/fargo.fr\/fargo_site\/wp-content\/uploads\/2025\/09\/logo_Fargo_01_coupe-1.png","width":500,"height":115,"caption":"Fargo"},"image":{"@id":"https:\/\/fargo.fr\/fargo_site\/#\/schema\/logo\/image\/"},"sameAs":["https:\/\/www.facebook.com\/profile.php?id=100063594428142"]}]}},"_links":{"self":[{"href":"https:\/\/fargo.fr\/fargo_site\/wp-json\/wp\/v2\/pages\/777","targetHints":{"allow":["GET"]}}],"collection":[{"href":"https:\/\/fargo.fr\/fargo_site\/wp-json\/wp\/v2\/pages"}],"about":[{"href":"https:\/\/fargo.fr\/fargo_site\/wp-json\/wp\/v2\/types\/page"}],"author":[{"embeddable":true,"href":"https:\/\/fargo.fr\/fargo_site\/wp-json\/wp\/v2\/users\/1"}],"replies":[{"embeddable":true,"href":"https:\/\/fargo.fr\/fargo_site\/wp-json\/wp\/v2\/comments?post=777"}],"version-history":[{"count":79,"href":"https:\/\/fargo.fr\/fargo_site\/wp-json\/wp\/v2\/pages\/777\/revisions"}],"predecessor-version":[{"id":3151,"href":"https:\/\/fargo.fr\/fargo_site\/wp-json\/wp\/v2\/pages\/777\/revisions\/3151"}],"wp:attachment":[{"href":"https:\/\/fargo.fr\/fargo_site\/wp-json\/wp\/v2\/media?parent=777"}],"curies":[{"name":"wp","href":"https:\/\/api.w.org\/{rel}","templated":true}]}}