{"id":2903,"date":"2025-09-17T22:00:54","date_gmt":"2025-09-17T22:00:54","guid":{"rendered":"https:\/\/fargo.fr\/fargo_site\/?page_id=2903"},"modified":"2025-09-18T15:22:07","modified_gmt":"2025-09-18T15:22:07","slug":"cesar","status":"publish","type":"page","link":"https:\/\/fargo.fr\/fargo_site\/cesar\/","title":{"rendered":"cesar"},"content":{"rendered":"\t\t<div data-elementor-type=\"wp-page\" data-elementor-id=\"2903\" class=\"elementor elementor-2903\">\n\t\t\t\t<div class=\"elementor-element elementor-element-349cdc3 e-flex e-con-boxed e-con e-parent\" data-id=\"349cdc3\" data-element_type=\"container\">\n\t\t\t\t\t<div class=\"e-con-inner\">\n\t\t\t\t\t<\/div>\n\t\t\t\t<\/div>\n\t\t<div class=\"elementor-element elementor-element-8971b34 e-flex e-con-boxed e-con e-parent\" data-id=\"8971b34\" data-element_type=\"container\" data-settings=\"{&quot;background_background&quot;:&quot;classic&quot;,&quot;shape_divider_top&quot;:&quot;triangle-asymmetrical&quot;,&quot;shape_divider_bottom&quot;:&quot;mountains&quot;}\">\n\t\t\t\t\t<div class=\"e-con-inner\">\n\t\t\t\t<div class=\"elementor-shape elementor-shape-top\" aria-hidden=\"true\" data-negative=\"false\">\n\t\t\t<svg xmlns=\"http:\/\/www.w3.org\/2000\/svg\" viewBox=\"0 0 1000 100\" preserveAspectRatio=\"none\">\n\t<path class=\"elementor-shape-fill\" d=\"M738,99l262-93V0H0v5.6L738,99z\"\/>\n<\/svg>\t\t<\/div>\n\t\t\t\t<div class=\"elementor-shape elementor-shape-bottom\" aria-hidden=\"true\" data-negative=\"false\">\n\t\t\t<svg xmlns=\"http:\/\/www.w3.org\/2000\/svg\" viewBox=\"0 0 1000 100\" preserveAspectRatio=\"none\">\n\t<path class=\"elementor-shape-fill\" opacity=\"0.33\" d=\"M473,67.3c-203.9,88.3-263.1-34-320.3,0C66,119.1,0,59.7,0,59.7V0h1000v59.7 c0,0-62.1,26.1-94.9,29.3c-32.8,3.3-62.8-12.3-75.8-22.1C806,49.6,745.3,8.7,694.9,4.7S492.4,59,473,67.3z\"\/>\n\t<path class=\"elementor-shape-fill\" opacity=\"0.66\" d=\"M734,67.3c-45.5,0-77.2-23.2-129.1-39.1c-28.6-8.7-150.3-10.1-254,39.1 s-91.7-34.4-149.2,0C115.7,118.3,0,39.8,0,39.8V0h1000v36.5c0,0-28.2-18.5-92.1-18.5C810.2,18.1,775.7,67.3,734,67.3z\"\/>\n\t<path class=\"elementor-shape-fill\" d=\"M766.1,28.9c-200-57.5-266,65.5-395.1,19.5C242,1.8,242,5.4,184.8,20.6C128,35.8,132.3,44.9,89.9,52.5C28.6,63.7,0,0,0,0 h1000c0,0-9.9,40.9-83.6,48.1S829.6,47,766.1,28.9z\"\/>\n<\/svg>\t\t<\/div>\n\t\t<div class=\"elementor-element elementor-element-85706fe e-con-full e-flex e-con e-child\" data-id=\"85706fe\" data-element_type=\"container\">\n\t\t\t\t<div class=\"elementor-element elementor-element-f095ce8 elementor-widget elementor-widget-image\" data-id=\"f095ce8\" data-element_type=\"widget\" data-widget_type=\"image.default\">\n\t\t\t\t\t\t\t\t\t\t\t\t\t\t\t<img fetchpriority=\"high\" decoding=\"async\" width=\"909\" height=\"366\" src=\"https:\/\/fargo.fr\/fargo_site\/wp-content\/uploads\/2025\/09\/logo_Cesar-1.png\" class=\"attachment-large size-large wp-image-2901\" alt=\"\" srcset=\"https:\/\/fargo.fr\/fargo_site\/wp-content\/uploads\/2025\/09\/logo_Cesar-1.png 909w, https:\/\/fargo.fr\/fargo_site\/wp-content\/uploads\/2025\/09\/logo_Cesar-1-300x121.png 300w, https:\/\/fargo.fr\/fargo_site\/wp-content\/uploads\/2025\/09\/logo_Cesar-1-768x309.png 768w\" sizes=\"(max-width: 909px) 100vw, 909px\" \/>\t\t\t\t\t\t\t\t\t\t\t\t\t\t\t<\/div>\n\t\t\t\t<div class=\"elementor-element elementor-element-dd47e02 elementor-widget elementor-widget-image\" data-id=\"dd47e02\" data-element_type=\"widget\" data-widget_type=\"image.default\">\n\t\t\t\t\t\t\t\t\t\t\t\t\t\t\t<img decoding=\"async\" width=\"500\" height=\"270\" src=\"https:\/\/fargo.fr\/fargo_site\/wp-content\/uploads\/2025\/09\/Celui_qui_a_deux_mes.jpg\" class=\"attachment-large size-large wp-image-2906\" alt=\"\" srcset=\"https:\/\/fargo.fr\/fargo_site\/wp-content\/uploads\/2025\/09\/Celui_qui_a_deux_mes.jpg 500w, https:\/\/fargo.fr\/fargo_site\/wp-content\/uploads\/2025\/09\/Celui_qui_a_deux_mes-300x162.jpg 300w\" sizes=\"(max-width: 500px) 100vw, 500px\" \/>\t\t\t\t\t\t\t\t\t\t\t\t\t\t\t<\/div>\n\t\t\t\t<div class=\"elementor-element elementor-element-e430be5 elementor-widget__width-initial elementor-widget elementor-widget-text-editor\" data-id=\"e430be5\" data-element_type=\"widget\" data-widget_type=\"text-editor.default\">\n\t\t\t\t\t\t\t\t\t<p style=\"text-align: right;\"><b>\u00ab\u00a0Celui qui a deux \u00e2mes\u00a0\u00bb<\/b> r\u00e9alis\u00e9 par Fabrice Luang-Vija et produit par FARGO a obtenu le C\u00e9sar 2017 du Meilleur Court M\u00e9trage d&rsquo;Animation<\/p>\t\t\t\t\t\t\t\t<\/div>\n\t\t\t\t<div class=\"elementor-element elementor-element-f8448cc elementor-mobile-align-justify elementor-widget elementor-widget-button\" data-id=\"f8448cc\" data-element_type=\"widget\" data-widget_type=\"button.default\">\n\t\t\t\t\t\t\t\t\t\t<a class=\"elementor-button elementor-button-link elementor-size-sm\" href=\"https:\/\/fargo.fr\/fargo_site\/2ames\">\n\t\t\t\t\t\t<span class=\"elementor-button-content-wrapper\">\n\t\t\t\t\t\t\t\t\t<span class=\"elementor-button-text\">TEASER DU FILM<\/span>\n\t\t\t\t\t<\/span>\n\t\t\t\t\t<\/a>\n\t\t\t\t\t\t\t\t<\/div>\n\t\t<div class=\"elementor-element elementor-element-b59e359 e-con-full e-flex e-con e-child\" data-id=\"b59e359\" data-element_type=\"container\">\n\t\t\t\t<\/div>\n\t\t<div class=\"elementor-element elementor-element-68cb0cb e-con-full e-flex e-con e-child\" data-id=\"68cb0cb\" data-element_type=\"container\">\n\t\t\t\t<\/div>\n\t\t\t\t<\/div>\n\t\t<div class=\"elementor-element elementor-element-fbb8b60 e-con-full e-flex e-con e-child\" data-id=\"fbb8b60\" data-element_type=\"container\">\n\t\t\t\t<div class=\"elementor-element elementor-element-1dab2b1 elementor-widget-mobile__width-initial elementor-widget elementor-widget-image\" data-id=\"1dab2b1\" data-element_type=\"widget\" data-widget_type=\"image.default\">\n\t\t\t\t\t\t\t\t\t\t\t\t\t\t\t<img decoding=\"async\" width=\"576\" height=\"1024\" src=\"https:\/\/fargo.fr\/fargo_site\/wp-content\/uploads\/2025\/09\/cesar-576x1024.jpg\" class=\"attachment-large size-large wp-image-2905\" alt=\"\" srcset=\"https:\/\/fargo.fr\/fargo_site\/wp-content\/uploads\/2025\/09\/cesar-576x1024.jpg 576w, https:\/\/fargo.fr\/fargo_site\/wp-content\/uploads\/2025\/09\/cesar-169x300.jpg 169w, https:\/\/fargo.fr\/fargo_site\/wp-content\/uploads\/2025\/09\/cesar-768x1365.jpg 768w, https:\/\/fargo.fr\/fargo_site\/wp-content\/uploads\/2025\/09\/cesar-864x1536.jpg 864w, https:\/\/fargo.fr\/fargo_site\/wp-content\/uploads\/2025\/09\/cesar.jpg 1125w\" sizes=\"(max-width: 576px) 100vw, 576px\" \/>\t\t\t\t\t\t\t\t\t\t\t\t\t\t\t<\/div>\n\t\t\t\t<\/div>\n\t\t<div class=\"elementor-element elementor-element-850589f e-con-full e-flex e-con e-child\" data-id=\"850589f\" data-element_type=\"container\">\n\t\t\t\t<div class=\"elementor-element elementor-element-ca6b995 elementor-view-default elementor-widget elementor-widget-icon\" data-id=\"ca6b995\" data-element_type=\"widget\" data-widget_type=\"icon.default\">\n\t\t\t\t\t\t\t<div class=\"elementor-icon-wrapper\">\n\t\t\t<a class=\"elementor-icon elementor-animation-grow\" href=\"https:\/\/fargo.fr\/fargo_site\/home\">\n\t\t\t<svg aria-hidden=\"true\" class=\"e-font-icon-svg e-far-times-circle\" viewBox=\"0 0 512 512\" xmlns=\"http:\/\/www.w3.org\/2000\/svg\"><path d=\"M256 8C119 8 8 119 8 256s111 248 248 248 248-111 248-248S393 8 256 8zm0 448c-110.5 0-200-89.5-200-200S145.5 56 256 56s200 89.5 200 200-89.5 200-200 200zm101.8-262.2L295.6 256l62.2 62.2c4.7 4.7 4.7 12.3 0 17l-22.6 22.6c-4.7 4.7-12.3 4.7-17 0L256 295.6l-62.2 62.2c-4.7 4.7-12.3 4.7-17 0l-22.6-22.6c-4.7-4.7-4.7-12.3 0-17l62.2-62.2-62.2-62.2c-4.7-4.7-4.7-12.3 0-17l22.6-22.6c4.7-4.7 12.3-4.7 17 0l62.2 62.2 62.2-62.2c4.7-4.7 12.3-4.7 17 0l22.6 22.6c4.7 4.7 4.7 12.3 0 17z\"><\/path><\/svg>\t\t\t<\/a>\n\t\t<\/div>\n\t\t\t\t\t\t<\/div>\n\t\t\t\t<\/div>\n\t\t\t\t\t<\/div>\n\t\t\t\t<\/div>\n\t\t\t\t<\/div>\n\t\t","protected":false},"excerpt":{"rendered":"<p>\u00ab\u00a0Celui qui a deux \u00e2mes\u00a0\u00bb r\u00e9alis\u00e9 par Fabrice Luang-Vija et produit par FARGO a obtenu le C\u00e9sar 2017 du Meilleur Court M\u00e9trage d&rsquo;Animation TEASER DU FILM<\/p>\n","protected":false},"author":1,"featured_media":0,"parent":0,"menu_order":0,"comment_status":"closed","ping_status":"closed","template":"","meta":{"footnotes":""},"class_list":["post-2903","page","type-page","status-publish","hentry"],"blocksy_meta":[],"yoast_head":"<!-- This site is optimized with the Yoast SEO plugin v27.2 - https:\/\/yoast.com\/product\/yoast-seo-wordpress\/ -->\n<title>cesar - Fargo - Production film et vid\u00e9o<\/title>\n<meta name=\"robots\" content=\"index, follow, max-snippet:-1, max-image-preview:large, max-video-preview:-1\" \/>\n<link rel=\"canonical\" href=\"https:\/\/fargo.fr\/fargo_site\/cesar\/\" \/>\n<meta property=\"og:locale\" content=\"fr_FR\" \/>\n<meta property=\"og:type\" content=\"article\" \/>\n<meta property=\"og:title\" content=\"cesar - Fargo - Production film et vid\u00e9o\" \/>\n<meta property=\"og:description\" content=\"\u00ab\u00a0Celui qui a deux \u00e2mes\u00a0\u00bb r\u00e9alis\u00e9 par Fabrice Luang-Vija et produit par FARGO a obtenu le C\u00e9sar 2017 du Meilleur Court M\u00e9trage d&rsquo;Animation TEASER DU FILM\" \/>\n<meta property=\"og:url\" content=\"https:\/\/fargo.fr\/fargo_site\/cesar\/\" \/>\n<meta property=\"og:site_name\" content=\"Fargo - Production film et vid\u00e9o\" \/>\n<meta property=\"article:publisher\" content=\"https:\/\/www.facebook.com\/profile.php?id=100063594428142\" \/>\n<meta property=\"article:modified_time\" content=\"2025-09-18T15:22:07+00:00\" \/>\n<meta property=\"og:image\" content=\"https:\/\/fargo.fr\/fargo_site\/wp-content\/uploads\/2025\/09\/logo_Cesar-1.png\" \/>\n<meta name=\"twitter:card\" content=\"summary_large_image\" \/>\n<script type=\"application\/ld+json\" class=\"yoast-schema-graph\">{\"@context\":\"https:\/\/schema.org\",\"@graph\":[{\"@type\":\"WebPage\",\"@id\":\"https:\/\/fargo.fr\/fargo_site\/cesar\/\",\"url\":\"https:\/\/fargo.fr\/fargo_site\/cesar\/\",\"name\":\"cesar - Fargo - Production film et vid\u00e9o\",\"isPartOf\":{\"@id\":\"https:\/\/fargo.fr\/fargo_site\/#website\"},\"primaryImageOfPage\":{\"@id\":\"https:\/\/fargo.fr\/fargo_site\/cesar\/#primaryimage\"},\"image\":{\"@id\":\"https:\/\/fargo.fr\/fargo_site\/cesar\/#primaryimage\"},\"thumbnailUrl\":\"https:\/\/fargo.fr\/fargo_site\/wp-content\/uploads\/2025\/09\/logo_Cesar-1.png\",\"datePublished\":\"2025-09-17T22:00:54+00:00\",\"dateModified\":\"2025-09-18T15:22:07+00:00\",\"breadcrumb\":{\"@id\":\"https:\/\/fargo.fr\/fargo_site\/cesar\/#breadcrumb\"},\"inLanguage\":\"fr-FR\",\"potentialAction\":[{\"@type\":\"ReadAction\",\"target\":[\"https:\/\/fargo.fr\/fargo_site\/cesar\/\"]}]},{\"@type\":\"ImageObject\",\"inLanguage\":\"fr-FR\",\"@id\":\"https:\/\/fargo.fr\/fargo_site\/cesar\/#primaryimage\",\"url\":\"https:\/\/fargo.fr\/fargo_site\/wp-content\/uploads\/2025\/09\/logo_Cesar-1.png\",\"contentUrl\":\"https:\/\/fargo.fr\/fargo_site\/wp-content\/uploads\/2025\/09\/logo_Cesar-1.png\",\"width\":909,\"height\":366},{\"@type\":\"BreadcrumbList\",\"@id\":\"https:\/\/fargo.fr\/fargo_site\/cesar\/#breadcrumb\",\"itemListElement\":[{\"@type\":\"ListItem\",\"position\":1,\"name\":\"Accueil\",\"item\":\"https:\/\/fargo.fr\/fargo_site\/\"},{\"@type\":\"ListItem\",\"position\":2,\"name\":\"cesar\"}]},{\"@type\":\"WebSite\",\"@id\":\"https:\/\/fargo.fr\/fargo_site\/#website\",\"url\":\"https:\/\/fargo.fr\/fargo_site\/\",\"name\":\"Fargo\",\"description\":\"\",\"publisher\":{\"@id\":\"https:\/\/fargo.fr\/fargo_site\/#organization\"},\"potentialAction\":[{\"@type\":\"SearchAction\",\"target\":{\"@type\":\"EntryPoint\",\"urlTemplate\":\"https:\/\/fargo.fr\/fargo_site\/?s={search_term_string}\"},\"query-input\":{\"@type\":\"PropertyValueSpecification\",\"valueRequired\":true,\"valueName\":\"search_term_string\"}}],\"inLanguage\":\"fr-FR\"},{\"@type\":\"Organization\",\"@id\":\"https:\/\/fargo.fr\/fargo_site\/#organization\",\"name\":\"Fargo\",\"url\":\"https:\/\/fargo.fr\/fargo_site\/\",\"logo\":{\"@type\":\"ImageObject\",\"inLanguage\":\"fr-FR\",\"@id\":\"https:\/\/fargo.fr\/fargo_site\/#\/schema\/logo\/image\/\",\"url\":\"https:\/\/fargo.fr\/fargo_site\/wp-content\/uploads\/2025\/09\/logo_Fargo_01_coupe-1.png\",\"contentUrl\":\"https:\/\/fargo.fr\/fargo_site\/wp-content\/uploads\/2025\/09\/logo_Fargo_01_coupe-1.png\",\"width\":500,\"height\":115,\"caption\":\"Fargo\"},\"image\":{\"@id\":\"https:\/\/fargo.fr\/fargo_site\/#\/schema\/logo\/image\/\"},\"sameAs\":[\"https:\/\/www.facebook.com\/profile.php?id=100063594428142\"]}]}<\/script>\n<!-- \/ Yoast SEO plugin. -->","yoast_head_json":{"title":"cesar - Fargo - Production film et vid\u00e9o","robots":{"index":"index","follow":"follow","max-snippet":"max-snippet:-1","max-image-preview":"max-image-preview:large","max-video-preview":"max-video-preview:-1"},"canonical":"https:\/\/fargo.fr\/fargo_site\/cesar\/","og_locale":"fr_FR","og_type":"article","og_title":"cesar - Fargo - Production film et vid\u00e9o","og_description":"\u00ab\u00a0Celui qui a deux \u00e2mes\u00a0\u00bb r\u00e9alis\u00e9 par Fabrice Luang-Vija et produit par FARGO a obtenu le C\u00e9sar 2017 du Meilleur Court M\u00e9trage d&rsquo;Animation TEASER DU FILM","og_url":"https:\/\/fargo.fr\/fargo_site\/cesar\/","og_site_name":"Fargo - Production film et vid\u00e9o","article_publisher":"https:\/\/www.facebook.com\/profile.php?id=100063594428142","article_modified_time":"2025-09-18T15:22:07+00:00","og_image":[{"url":"https:\/\/fargo.fr\/fargo_site\/wp-content\/uploads\/2025\/09\/logo_Cesar-1.png","type":"","width":"","height":""}],"twitter_card":"summary_large_image","schema":{"@context":"https:\/\/schema.org","@graph":[{"@type":"WebPage","@id":"https:\/\/fargo.fr\/fargo_site\/cesar\/","url":"https:\/\/fargo.fr\/fargo_site\/cesar\/","name":"cesar - Fargo - Production film et vid\u00e9o","isPartOf":{"@id":"https:\/\/fargo.fr\/fargo_site\/#website"},"primaryImageOfPage":{"@id":"https:\/\/fargo.fr\/fargo_site\/cesar\/#primaryimage"},"image":{"@id":"https:\/\/fargo.fr\/fargo_site\/cesar\/#primaryimage"},"thumbnailUrl":"https:\/\/fargo.fr\/fargo_site\/wp-content\/uploads\/2025\/09\/logo_Cesar-1.png","datePublished":"2025-09-17T22:00:54+00:00","dateModified":"2025-09-18T15:22:07+00:00","breadcrumb":{"@id":"https:\/\/fargo.fr\/fargo_site\/cesar\/#breadcrumb"},"inLanguage":"fr-FR","potentialAction":[{"@type":"ReadAction","target":["https:\/\/fargo.fr\/fargo_site\/cesar\/"]}]},{"@type":"ImageObject","inLanguage":"fr-FR","@id":"https:\/\/fargo.fr\/fargo_site\/cesar\/#primaryimage","url":"https:\/\/fargo.fr\/fargo_site\/wp-content\/uploads\/2025\/09\/logo_Cesar-1.png","contentUrl":"https:\/\/fargo.fr\/fargo_site\/wp-content\/uploads\/2025\/09\/logo_Cesar-1.png","width":909,"height":366},{"@type":"BreadcrumbList","@id":"https:\/\/fargo.fr\/fargo_site\/cesar\/#breadcrumb","itemListElement":[{"@type":"ListItem","position":1,"name":"Accueil","item":"https:\/\/fargo.fr\/fargo_site\/"},{"@type":"ListItem","position":2,"name":"cesar"}]},{"@type":"WebSite","@id":"https:\/\/fargo.fr\/fargo_site\/#website","url":"https:\/\/fargo.fr\/fargo_site\/","name":"Fargo","description":"","publisher":{"@id":"https:\/\/fargo.fr\/fargo_site\/#organization"},"potentialAction":[{"@type":"SearchAction","target":{"@type":"EntryPoint","urlTemplate":"https:\/\/fargo.fr\/fargo_site\/?s={search_term_string}"},"query-input":{"@type":"PropertyValueSpecification","valueRequired":true,"valueName":"search_term_string"}}],"inLanguage":"fr-FR"},{"@type":"Organization","@id":"https:\/\/fargo.fr\/fargo_site\/#organization","name":"Fargo","url":"https:\/\/fargo.fr\/fargo_site\/","logo":{"@type":"ImageObject","inLanguage":"fr-FR","@id":"https:\/\/fargo.fr\/fargo_site\/#\/schema\/logo\/image\/","url":"https:\/\/fargo.fr\/fargo_site\/wp-content\/uploads\/2025\/09\/logo_Fargo_01_coupe-1.png","contentUrl":"https:\/\/fargo.fr\/fargo_site\/wp-content\/uploads\/2025\/09\/logo_Fargo_01_coupe-1.png","width":500,"height":115,"caption":"Fargo"},"image":{"@id":"https:\/\/fargo.fr\/fargo_site\/#\/schema\/logo\/image\/"},"sameAs":["https:\/\/www.facebook.com\/profile.php?id=100063594428142"]}]}},"_links":{"self":[{"href":"https:\/\/fargo.fr\/fargo_site\/wp-json\/wp\/v2\/pages\/2903","targetHints":{"allow":["GET"]}}],"collection":[{"href":"https:\/\/fargo.fr\/fargo_site\/wp-json\/wp\/v2\/pages"}],"about":[{"href":"https:\/\/fargo.fr\/fargo_site\/wp-json\/wp\/v2\/types\/page"}],"author":[{"embeddable":true,"href":"https:\/\/fargo.fr\/fargo_site\/wp-json\/wp\/v2\/users\/1"}],"replies":[{"embeddable":true,"href":"https:\/\/fargo.fr\/fargo_site\/wp-json\/wp\/v2\/comments?post=2903"}],"version-history":[{"count":70,"href":"https:\/\/fargo.fr\/fargo_site\/wp-json\/wp\/v2\/pages\/2903\/revisions"}],"predecessor-version":[{"id":3043,"href":"https:\/\/fargo.fr\/fargo_site\/wp-json\/wp\/v2\/pages\/2903\/revisions\/3043"}],"wp:attachment":[{"href":"https:\/\/fargo.fr\/fargo_site\/wp-json\/wp\/v2\/media?parent=2903"}],"curies":[{"name":"wp","href":"https:\/\/api.w.org\/{rel}","templated":true}]}}