{"id":2349,"date":"2025-09-16T11:52:29","date_gmt":"2025-09-16T11:52:29","guid":{"rendered":"https:\/\/fargo.fr\/fargo_site\/?page_id=2349"},"modified":"2025-09-16T12:04:49","modified_gmt":"2025-09-16T12:04:49","slug":"mentions","status":"publish","type":"page","link":"https:\/\/fargo.fr\/fargo_site\/mentions\/","title":{"rendered":"mentions"},"content":{"rendered":"\t\t<div data-elementor-type=\"wp-page\" data-elementor-id=\"2349\" class=\"elementor elementor-2349\">\n\t\t\t\t<div class=\"elementor-element elementor-element-349cdc3 e-flex e-con-boxed e-con e-parent\" data-id=\"349cdc3\" data-element_type=\"container\">\n\t\t\t\t\t<div class=\"e-con-inner\">\n\t\t<div class=\"elementor-element elementor-element-850589f e-con-full e-flex e-con e-child\" data-id=\"850589f\" data-element_type=\"container\">\n\t\t\t\t<div class=\"elementor-element elementor-element-ca6b995 elementor-view-default elementor-widget elementor-widget-icon\" data-id=\"ca6b995\" data-element_type=\"widget\" data-widget_type=\"icon.default\">\n\t\t\t\t\t\t\t<div class=\"elementor-icon-wrapper\">\n\t\t\t<a class=\"elementor-icon elementor-animation-grow\" href=\"https:\/\/fargo.fr\/fargo_site\/home\">\n\t\t\t<svg aria-hidden=\"true\" class=\"e-font-icon-svg e-far-times-circle\" viewBox=\"0 0 512 512\" xmlns=\"http:\/\/www.w3.org\/2000\/svg\"><path d=\"M256 8C119 8 8 119 8 256s111 248 248 248 248-111 248-248S393 8 256 8zm0 448c-110.5 0-200-89.5-200-200S145.5 56 256 56s200 89.5 200 200-89.5 200-200 200zm101.8-262.2L295.6 256l62.2 62.2c4.7 4.7 4.7 12.3 0 17l-22.6 22.6c-4.7 4.7-12.3 4.7-17 0L256 295.6l-62.2 62.2c-4.7 4.7-12.3 4.7-17 0l-22.6-22.6c-4.7-4.7-4.7-12.3 0-17l62.2-62.2-62.2-62.2c-4.7-4.7-4.7-12.3 0-17l22.6-22.6c4.7-4.7 12.3-4.7 17 0l62.2 62.2 62.2-62.2c4.7-4.7 12.3-4.7 17 0l22.6 22.6c4.7 4.7 4.7 12.3 0 17z\"><\/path><\/svg>\t\t\t<\/a>\n\t\t<\/div>\n\t\t\t\t\t\t<\/div>\n\t\t\t\t<\/div>\n\t\t\t\t\t<\/div>\n\t\t\t\t<\/div>\n\t\t<div class=\"elementor-element elementor-element-90173c2 e-flex e-con-boxed e-con e-parent\" data-id=\"90173c2\" data-element_type=\"container\">\n\t\t\t\t\t<div class=\"e-con-inner\">\n\t\t<div class=\"elementor-element elementor-element-28d4cc5 e-con-full e-flex e-con e-child\" data-id=\"28d4cc5\" data-element_type=\"container\">\n\t\t\t\t<div class=\"elementor-element elementor-element-7d98ac2 elementor-widget elementor-widget-heading\" data-id=\"7d98ac2\" data-element_type=\"widget\" data-widget_type=\"heading.default\">\n\t\t\t\t\t<h2 class=\"elementor-heading-title elementor-size-default\">Mentions l\u00e9gales<\/h2>\t\t\t\t<\/div>\n\t\t\t\t<div class=\"elementor-element elementor-element-4457e22 elementor-widget elementor-widget-text-editor\" data-id=\"4457e22\" data-element_type=\"widget\" data-widget_type=\"text-editor.default\">\n\t\t\t\t\t\t\t\t\t<p id=\"u23024-2\" class=\"fargo\"><span style=\"font-family: inherit; font-size: inherit; font-style: inherit; font-variant-ligatures: inherit; font-variant-caps: inherit; font-weight: inherit;\">Ce site internet est la propri\u00e9t\u00e9 de FARGO<\/span><\/p>\n<p id=\"u23024-7\" class=\"fargo\">SARL au capital de 45000 euros<\/p>\n<p id=\"u23024-9\" class=\"fargo\">418 199 105 RCS Romans<\/p>\n<p id=\"u23024-11\" class=\"fargo\">Si\u00e8ge social : La Cartoucherie &#8211; Rue de Chony<\/p>\n<p id=\"u23024-13\" class=\"fargo\">26500 Bourg-l\u00e8s-Valence<\/p>\n<p id=\"u23024-15\" class=\"fargo\">t\u00e9l : +33 (0)4 75 61 54 48<\/p>\n<p id=\"u23024-17\" class=\"fargo\">G\u00e9rante : Sophie Fallot<\/p>\n<p id=\"u23024-17\" class=\"fargo\"><br><\/p>\n<p id=\"u23024-20\" class=\"fargo\">Cr\u00e9ation du site : FARGO<\/p>\n<p id=\"u23024-23\" class=\"fargo\">H\u00e9bergement du site :<\/p>\n<p id=\"u23024-25\" class=\"fargo\">OVH &#8211; 2 rue Kellermann &#8211; 59100 Roubaix &#8211; France<\/p>\n<p id=\"u23024-29\" class=\"fargo\"><br><\/p>\n<p>\u00a9 FARGO<br>Toute utilisation du contenu est interdite<br>sans l&rsquo;accord du propri\u00e9taire<\/p>\t\t\t\t\t\t\t\t<\/div>\n\t\t\t\t<\/div>\n\t\t\t\t\t<\/div>\n\t\t\t\t<\/div>\n\t\t<div class=\"elementor-element elementor-element-e52a19b e-flex e-con-boxed e-con e-parent\" data-id=\"e52a19b\" data-element_type=\"container\">\n\t\t\t\t\t<div class=\"e-con-inner\">\n\t\t\t\t\t<\/div>\n\t\t\t\t<\/div>\n\t\t\t\t<\/div>\n\t\t","protected":false},"excerpt":{"rendered":"<p>Mentions l\u00e9gales Ce site internet est la propri\u00e9t\u00e9 de FARGO SARL au capital de 45000 euros 418 199 105 RCS Romans Si\u00e8ge social : La Cartoucherie &#8211; Rue de Chony 26500 Bourg-l\u00e8s-Valence t\u00e9l : +33 (0)4 75 61 54 48 G\u00e9rante : Sophie Fallot Cr\u00e9ation du site : FARGO H\u00e9bergement du site : OVH &#8211; [&hellip;]<\/p>\n","protected":false},"author":1,"featured_media":0,"parent":0,"menu_order":0,"comment_status":"closed","ping_status":"closed","template":"","meta":{"footnotes":""},"class_list":["post-2349","page","type-page","status-publish","hentry"],"blocksy_meta":[],"yoast_head":"<!-- This site is optimized with the Yoast SEO plugin v27.2 - https:\/\/yoast.com\/product\/yoast-seo-wordpress\/ -->\n<title>mentions - Fargo - Production film et vid\u00e9o<\/title>\n<meta name=\"robots\" content=\"index, follow, max-snippet:-1, max-image-preview:large, max-video-preview:-1\" \/>\n<link rel=\"canonical\" href=\"https:\/\/fargo.fr\/fargo_site\/mentions\/\" \/>\n<meta property=\"og:locale\" content=\"fr_FR\" \/>\n<meta property=\"og:type\" content=\"article\" \/>\n<meta property=\"og:title\" content=\"mentions - Fargo - Production film et vid\u00e9o\" \/>\n<meta property=\"og:description\" content=\"Mentions l\u00e9gales Ce site internet est la propri\u00e9t\u00e9 de FARGO SARL au capital de 45000 euros 418 199 105 RCS Romans Si\u00e8ge social : La Cartoucherie &#8211; Rue de Chony 26500 Bourg-l\u00e8s-Valence t\u00e9l : +33 (0)4 75 61 54 48 G\u00e9rante : Sophie Fallot Cr\u00e9ation du site : FARGO H\u00e9bergement du site : OVH &#8211; [&hellip;]\" \/>\n<meta property=\"og:url\" content=\"https:\/\/fargo.fr\/fargo_site\/mentions\/\" \/>\n<meta property=\"og:site_name\" content=\"Fargo - Production film et vid\u00e9o\" \/>\n<meta property=\"article:publisher\" content=\"https:\/\/www.facebook.com\/profile.php?id=100063594428142\" \/>\n<meta property=\"article:modified_time\" content=\"2025-09-16T12:04:49+00:00\" \/>\n<meta name=\"twitter:card\" content=\"summary_large_image\" \/>\n<script type=\"application\/ld+json\" class=\"yoast-schema-graph\">{\"@context\":\"https:\/\/schema.org\",\"@graph\":[{\"@type\":\"WebPage\",\"@id\":\"https:\/\/fargo.fr\/fargo_site\/mentions\/\",\"url\":\"https:\/\/fargo.fr\/fargo_site\/mentions\/\",\"name\":\"mentions - Fargo - Production film et vid\u00e9o\",\"isPartOf\":{\"@id\":\"https:\/\/fargo.fr\/fargo_site\/#website\"},\"datePublished\":\"2025-09-16T11:52:29+00:00\",\"dateModified\":\"2025-09-16T12:04:49+00:00\",\"breadcrumb\":{\"@id\":\"https:\/\/fargo.fr\/fargo_site\/mentions\/#breadcrumb\"},\"inLanguage\":\"fr-FR\",\"potentialAction\":[{\"@type\":\"ReadAction\",\"target\":[\"https:\/\/fargo.fr\/fargo_site\/mentions\/\"]}]},{\"@type\":\"BreadcrumbList\",\"@id\":\"https:\/\/fargo.fr\/fargo_site\/mentions\/#breadcrumb\",\"itemListElement\":[{\"@type\":\"ListItem\",\"position\":1,\"name\":\"Accueil\",\"item\":\"https:\/\/fargo.fr\/fargo_site\/\"},{\"@type\":\"ListItem\",\"position\":2,\"name\":\"mentions\"}]},{\"@type\":\"WebSite\",\"@id\":\"https:\/\/fargo.fr\/fargo_site\/#website\",\"url\":\"https:\/\/fargo.fr\/fargo_site\/\",\"name\":\"Fargo\",\"description\":\"\",\"publisher\":{\"@id\":\"https:\/\/fargo.fr\/fargo_site\/#organization\"},\"potentialAction\":[{\"@type\":\"SearchAction\",\"target\":{\"@type\":\"EntryPoint\",\"urlTemplate\":\"https:\/\/fargo.fr\/fargo_site\/?s={search_term_string}\"},\"query-input\":{\"@type\":\"PropertyValueSpecification\",\"valueRequired\":true,\"valueName\":\"search_term_string\"}}],\"inLanguage\":\"fr-FR\"},{\"@type\":\"Organization\",\"@id\":\"https:\/\/fargo.fr\/fargo_site\/#organization\",\"name\":\"Fargo\",\"url\":\"https:\/\/fargo.fr\/fargo_site\/\",\"logo\":{\"@type\":\"ImageObject\",\"inLanguage\":\"fr-FR\",\"@id\":\"https:\/\/fargo.fr\/fargo_site\/#\/schema\/logo\/image\/\",\"url\":\"https:\/\/fargo.fr\/fargo_site\/wp-content\/uploads\/2025\/09\/logo_Fargo_01_coupe-1.png\",\"contentUrl\":\"https:\/\/fargo.fr\/fargo_site\/wp-content\/uploads\/2025\/09\/logo_Fargo_01_coupe-1.png\",\"width\":500,\"height\":115,\"caption\":\"Fargo\"},\"image\":{\"@id\":\"https:\/\/fargo.fr\/fargo_site\/#\/schema\/logo\/image\/\"},\"sameAs\":[\"https:\/\/www.facebook.com\/profile.php?id=100063594428142\"]}]}<\/script>\n<!-- \/ Yoast SEO plugin. -->","yoast_head_json":{"title":"mentions - Fargo - Production film et vid\u00e9o","robots":{"index":"index","follow":"follow","max-snippet":"max-snippet:-1","max-image-preview":"max-image-preview:large","max-video-preview":"max-video-preview:-1"},"canonical":"https:\/\/fargo.fr\/fargo_site\/mentions\/","og_locale":"fr_FR","og_type":"article","og_title":"mentions - Fargo - Production film et vid\u00e9o","og_description":"Mentions l\u00e9gales Ce site internet est la propri\u00e9t\u00e9 de FARGO SARL au capital de 45000 euros 418 199 105 RCS Romans Si\u00e8ge social : La Cartoucherie &#8211; Rue de Chony 26500 Bourg-l\u00e8s-Valence t\u00e9l : +33 (0)4 75 61 54 48 G\u00e9rante : Sophie Fallot Cr\u00e9ation du site : FARGO H\u00e9bergement du site : OVH &#8211; [&hellip;]","og_url":"https:\/\/fargo.fr\/fargo_site\/mentions\/","og_site_name":"Fargo - Production film et vid\u00e9o","article_publisher":"https:\/\/www.facebook.com\/profile.php?id=100063594428142","article_modified_time":"2025-09-16T12:04:49+00:00","twitter_card":"summary_large_image","schema":{"@context":"https:\/\/schema.org","@graph":[{"@type":"WebPage","@id":"https:\/\/fargo.fr\/fargo_site\/mentions\/","url":"https:\/\/fargo.fr\/fargo_site\/mentions\/","name":"mentions - Fargo - Production film et vid\u00e9o","isPartOf":{"@id":"https:\/\/fargo.fr\/fargo_site\/#website"},"datePublished":"2025-09-16T11:52:29+00:00","dateModified":"2025-09-16T12:04:49+00:00","breadcrumb":{"@id":"https:\/\/fargo.fr\/fargo_site\/mentions\/#breadcrumb"},"inLanguage":"fr-FR","potentialAction":[{"@type":"ReadAction","target":["https:\/\/fargo.fr\/fargo_site\/mentions\/"]}]},{"@type":"BreadcrumbList","@id":"https:\/\/fargo.fr\/fargo_site\/mentions\/#breadcrumb","itemListElement":[{"@type":"ListItem","position":1,"name":"Accueil","item":"https:\/\/fargo.fr\/fargo_site\/"},{"@type":"ListItem","position":2,"name":"mentions"}]},{"@type":"WebSite","@id":"https:\/\/fargo.fr\/fargo_site\/#website","url":"https:\/\/fargo.fr\/fargo_site\/","name":"Fargo","description":"","publisher":{"@id":"https:\/\/fargo.fr\/fargo_site\/#organization"},"potentialAction":[{"@type":"SearchAction","target":{"@type":"EntryPoint","urlTemplate":"https:\/\/fargo.fr\/fargo_site\/?s={search_term_string}"},"query-input":{"@type":"PropertyValueSpecification","valueRequired":true,"valueName":"search_term_string"}}],"inLanguage":"fr-FR"},{"@type":"Organization","@id":"https:\/\/fargo.fr\/fargo_site\/#organization","name":"Fargo","url":"https:\/\/fargo.fr\/fargo_site\/","logo":{"@type":"ImageObject","inLanguage":"fr-FR","@id":"https:\/\/fargo.fr\/fargo_site\/#\/schema\/logo\/image\/","url":"https:\/\/fargo.fr\/fargo_site\/wp-content\/uploads\/2025\/09\/logo_Fargo_01_coupe-1.png","contentUrl":"https:\/\/fargo.fr\/fargo_site\/wp-content\/uploads\/2025\/09\/logo_Fargo_01_coupe-1.png","width":500,"height":115,"caption":"Fargo"},"image":{"@id":"https:\/\/fargo.fr\/fargo_site\/#\/schema\/logo\/image\/"},"sameAs":["https:\/\/www.facebook.com\/profile.php?id=100063594428142"]}]}},"_links":{"self":[{"href":"https:\/\/fargo.fr\/fargo_site\/wp-json\/wp\/v2\/pages\/2349","targetHints":{"allow":["GET"]}}],"collection":[{"href":"https:\/\/fargo.fr\/fargo_site\/wp-json\/wp\/v2\/pages"}],"about":[{"href":"https:\/\/fargo.fr\/fargo_site\/wp-json\/wp\/v2\/types\/page"}],"author":[{"embeddable":true,"href":"https:\/\/fargo.fr\/fargo_site\/wp-json\/wp\/v2\/users\/1"}],"replies":[{"embeddable":true,"href":"https:\/\/fargo.fr\/fargo_site\/wp-json\/wp\/v2\/comments?post=2349"}],"version-history":[{"count":7,"href":"https:\/\/fargo.fr\/fargo_site\/wp-json\/wp\/v2\/pages\/2349\/revisions"}],"predecessor-version":[{"id":2357,"href":"https:\/\/fargo.fr\/fargo_site\/wp-json\/wp\/v2\/pages\/2349\/revisions\/2357"}],"wp:attachment":[{"href":"https:\/\/fargo.fr\/fargo_site\/wp-json\/wp\/v2\/media?parent=2349"}],"curies":[{"name":"wp","href":"https:\/\/api.w.org\/{rel}","templated":true}]}}